{"id":26683,"date":"2023-11-10T11:44:53","date_gmt":"2023-11-10T11:44:53","guid":{"rendered":"https:\/\/melawayfinder.com\/?page_id=26683"},"modified":"2023-12-05T08:35:54","modified_gmt":"2023-12-05T08:35:54","slug":"progetti-fotografici","status":"publish","type":"page","link":"https:\/\/melawayfinder.com\/it_it\/progetti-fotografici\/","title":{"rendered":"Progetti fotografici"},"content":{"rendered":"<h1>Progetti Fotografici<\/h1>\n<ul>\n<li>\n<p>        <img decoding=\"async\" src=\"\/wp-content\/uploads\/2023\/11\/Omnia-mea-mecum-porto-Copertina-1.jpg\" alt=\"\"><\/p>\n<h3>Omnia mea mecum porto &#8211; Copertina<\/h3>\n<\/li>\n<li>\n<p>        <img decoding=\"async\" src=\"\/wp-content\/uploads\/2023\/11\/Omnia-mea-mecum-porto-01-1.jpg\" alt=\"\"><\/p>\n<h3>Omnia mea mecum porto &#8211; 01<\/h3>\n<\/li>\n<li>\n<p>        <img decoding=\"async\" src=\"\/wp-content\/uploads\/2023\/11\/Omnia-mea-mecum-porto-02-1.jpg\" alt=\"\"><\/p>\n<h3>Omnia mea mecum porto &#8211; 02<\/h3>\n<\/li>\n<li>\n<p>        <img decoding=\"async\" src=\"\/wp-content\/uploads\/2023\/11\/Omnia-mea-mecum-porto-03.jpg\" alt=\"\"><\/p>\n<h3>Omnia mea mecum porto &#8211; 03<\/h3>\n<\/li>\n<li>\n<p>        <img decoding=\"async\" src=\"\/wp-content\/uploads\/2023\/11\/Omnia-mea-mecum-porto-04-1.jpg\" alt=\"\"><\/p>\n<h3>Omnia mea mecum porto &#8211; 04<\/h3>\n<\/li>\n<li>\n<p>        <img decoding=\"async\" src=\"\/wp-content\/uploads\/2023\/11\/Omnia-mea-mecum-porto-05-1.jpg\" alt=\"\"><\/p>\n<h3>Omnia mea mecum porto &#8211; 05<\/h3>\n<\/li>\n<li>\n<p>        <img decoding=\"async\" src=\"\/wp-content\/uploads\/2023\/11\/Omnia-mea-mecum-porto-06-1.jpg\" alt=\"\"><\/p>\n<h3>Omnia mea mecum porto &#8211; 06<\/h3>\n<\/li>\n<\/ul>\n<blockquote>\n<h4 class=\"p1\" style=\"text-align: center;\"><strong>Omnia Mea Mecum Porto<\/strong><\/h4>\n<h4 class=\"p1\" style=\"text-align: center;\">Il bagaglio del nostro passato \u00e8 qualcosa che continua a vivere in noi.<\/h4>\n<h4 class=\"p1\" style=\"text-align: center;\">Guardiamo gli spazi che ci circondano quotidianamente fin da quando nasciamo. E tra questi la casa. Il luogo dove si ritorna ogni giorno, il luogo da cui si esce per incontrare il mondo, il luogo che in modo pi\u00f9 o meno consapevole continuiamo a modificare riempiendolo di segni del nostro passaggio, di impronte della nostra presenza, in un dialogo muto fatto di rassicurante stasi (quella della casa) e di movimento creativo (quello di chi la abita).<\/h4>\n<h4 class=\"p1\" style=\"text-align: center;\">Mela Wayfinder racconta con 6 scatti fotografici il rapporto con la sua casa d\u2019infanzia nel momento in cui dovr\u00e0 lasciarla. Sono autoscatti dove l\u2019artista sceglie di rimanere fuori fuoco comunicando una sensazione di evanescenza come se stessimo accedendo a uno spazio del ricordo in cui si va perdendo la nitidezza dell\u2019immagine. Mela diventa una sorta di fantasma che vaga nei luoghi dove un tempo ha vissuto. La casa verr\u00e0 imbiancata e i segni sulle pareti scompariranno alla vista. Non avremo pi\u00f9 traccia della macchia di caff\u00e8 schizzata per errore sul muro, e neanche dei poster o delle scritte sulle pareti di una camera da adolescenti. Eppure qualcosa di invisibile, espresso proprio dall\u2019evanescente figura dell\u2019artista, rimarr\u00e0 per sempre. Tutto svanisce e al tempo stesso tutto continua a vivere in noi e noi a vivere in ogni luogo in cui passiamo. Ogni essere vivente lascia una traccia del proprio passaggio. Visibili o invisibili che siano, i nostri pensieri, le nostre azioni quotidiane, le parole, le canzoni che affidiamo all\u2019aria, permangono in una dimensione che travalica la tangibilit\u00e0 sensoriale.<\/h4>\n<h4 class=\"p1\" style=\"text-align: center;\"><strong>Tra abitazione e abitante si crea un sorta di dialogo perpetuo dove la casa continuer\u00e0 a vivere in chi l\u2019ha abitata e viceversa.<\/strong><\/h4>\n<h4 class=\"p1\" style=\"text-align: center;\">Abitare equivale dunque a un gesto di responsabilit\u00e0 verso l\u2019ambiente. Che sia una stanza, una casa, l\u2019androne di un palazzo dove passiamo rapidamente ogni mattina, l\u2019intero pianeta o il nostro corpo perfetto. Lasciamo costantemente tracce pi\u00f9 o meno visibili che verranno colte inconsapevolmente da chi abiter\u00e0 quei luoghi dopo di noi.<\/h4>\n<h4 class=\"p1\" style=\"text-align: center;\"><strong>Omnia Mea Mecum Porto<\/strong>: tutto ci\u00f2 che posseggo lo porto con me. E\u2019 il nostro bagaglio che ci caratterizza, ci trasforma, a volte ci affatica e altre ci alleggerisce. Un bagaglio che in questo caso \u00e8 fatto di ricordi di una dimensione spazio-temporale che non esiste pi\u00f9, ma che proprio per questo prende una consistenza diversa, persistente, forse immortale. E allora i segni di una casa, le tracce umane lasciate sulle pareti diventano una sorta di misterioso alfabeto che solo chi ha vissuto sa interpretare.<\/h4>\n<h4 class=\"p1\" style=\"text-align: center;\">Porto con me tutto ci\u00f2 che posseggo. E\u2019 anche una riflessione sul significato del possesso legato ai luoghi. Si possono possedere terre o case? Il potere d\u2019acquisto economico pu\u00f2 espropriare, separando, abitanti da abitazioni?<\/h4>\n<h4 class=\"p1\" style=\"text-align: center;\">Nel progetto di Mela Wayfinder il possesso economico perde potere, lasciando spazio a un rapporto di intimit\u00e0 che va oltre \u201cil mattone\u201d e che travalica la dimensione temporale mostrando una sorta di essere umano-lumaca capace di portarsi dietro case e vissuti, lasciando tracce d\u2019argento.<\/h4>\n<\/blockquote>\n<ul>\n<li>\n<p>        <img decoding=\"async\" src=\"\/wp-content\/uploads\/2023\/11\/IASON_baffi-1-2.jpg\" alt=\"\"><\/p>\n<h3>Questa non \u00e8 un&#8217;esercitazione<\/h3>\n<\/li>\n<li>\n<p>        <img decoding=\"async\" src=\"\/wp-content\/uploads\/2023\/11\/IASON_baffi-2-2.jpg\" alt=\"\"><\/p>\n<h3>Questa non \u00e8 un&#8217;esercitazione<\/h3>\n<\/li>\n<li>\n<p>        <img decoding=\"async\" src=\"\/wp-content\/uploads\/2023\/11\/IASON_baffi-3-2.jpg\" alt=\"\"><\/p>\n<h3>Questa non \u00e8 un&#8217;esercitazione<\/h3>\n<\/li>\n<li>\n<p>        <img decoding=\"async\" src=\"\/wp-content\/uploads\/2023\/11\/IASON_baffi-4.png\" alt=\"\"><\/p>\n<h3>Questa non \u00e8 un&#8217;esercitazione<\/h3>\n<\/li>\n<li>\n<p>        <img decoding=\"async\" src=\"\/wp-content\/uploads\/2023\/11\/IASON_baffi-5-2.jpg\" alt=\"\"><\/p>\n<h3>Questa non \u00e8 un&#8217;esercitazione<\/h3>\n<\/li>\n<li>\n<p>        <img decoding=\"async\" src=\"\/wp-content\/uploads\/2023\/11\/IASON_baffi-6-3.jpg\" alt=\"\"><\/p>\n<h3>Questa non \u00e8 un&#8217;esercitazione<\/h3>\n<\/li>\n<li>\n<p>        <img decoding=\"async\" src=\"\/wp-content\/uploads\/2023\/11\/IASON_baffi-7-2.jpg\" alt=\"\"><\/p>\n<h3>Questa non \u00e8 un&#8217;esercitazione<\/h3>\n<\/li>\n<li>\n<p>        <img decoding=\"async\" src=\"\/wp-content\/uploads\/2023\/11\/IASON_baffi-8-2.jpg\" alt=\"\"><\/p>\n<h3>Questa non \u00e8 un&#8217;esercitazione<\/h3>\n<\/li>\n<\/ul>\n<blockquote>\n<h4 style=\"text-align: center;\"><strong>Questa non \u00e8 un&#8217;esercitazione<\/strong><\/h4>\n<h4 class=\"p1\" style=\"text-align: center;\">Questo progetto parte parte dall&#8217;idea pirandelliana per cui dentro ognuno di noi ci sono multiple possibilit\u00e0 pi\u00f9 o meno inespresse. Vuole concentrarsi su come piccoli dettagli cambiano completamente la percezione che abbiamo di noi stessi e anche quella che hanno gli altri. In particolare ho lavorato su un diverso tipo di rasatura della barba e l&#8217;ho abbinato ad un abbigliamento. Immediatamente questi elementi ci portano avanti e indietro nel tempo, collegandosi ad aspettative differenti nei confronti di una persona che magari non conosciamo.<\/h4>\n<h4 class=\"p1\" style=\"text-align: center;\">Lavorare sul pregiudizio, sull&#8217;aspettativa e sulle categorie, positive e negative, potrebbe essere oggi la chiave di molte porte chiuse.<\/h4>\n<h4 class=\"p1\" style=\"text-align: center;\">Il mio impegno vuole essere quello di ascoltare l&#8217;altro prima di creare in me un&#8217;immagine di lui che lo cristallizzi in qualcosa che realmente non \u00e8. Questa non \u00e8 un&#8217;esercitazione \u00e8 la vita.<\/h4>\n<\/blockquote>\n<p><!--more--><br \/>\n<!-- {\"type\":\"layout\",\"children\":[{\"type\":\"section\",\"props\":{\"style\":\"default\",\"width\":\"default\",\"vertical_align\":\"middle\",\"title_position\":\"top-left\",\"title_rotation\":\"left\",\"title_breakpoint\":\"xl\",\"image_position\":\"center-center\"},\"children\":[{\"type\":\"row\",\"children\":[{\"type\":\"column\",\"props\":{\"position_sticky_breakpoint\":\"m\",\"image_position\":\"center-center\",\"media_overlay_gradient\":\"\"},\"children\":[{\"type\":\"headline\",\"props\":{\"title_element\":\"h1\",\"content\":\"Progetti Fotografici\"}}]}]}]},{\"type\":\"section\",\"props\":{\"style\":\"default\",\"width\":\"default\",\"vertical_align\":\"middle\",\"title_position\":\"top-left\",\"title_rotation\":\"left\",\"title_breakpoint\":\"xl\",\"image_position\":\"center-center\",\"title\":\"Omnia Mea Mecum Porto\"},\"children\":[{\"type\":\"row\",\"children\":[{\"type\":\"column\",\"props\":{\"position_sticky_breakpoint\":\"m\",\"image_position\":\"center-center\",\"media_overlay_gradient\":\"\"},\"children\":[{\"type\":\"gallery\",\"props\":{\"show_title\":true,\"show_meta\":true,\"show_content\":true,\"show_link\":true,\"show_hover_image\":true,\"grid_default\":\"1\",\"grid_medium\":\"3\",\"filter_style\":\"tab\",\"filter_all\":true,\"filter_position\":\"top\",\"filter_align\":\"left\",\"filter_grid_width\":\"auto\",\"filter_grid_breakpoint\":\"m\",\"overlay_mode\":\"cover\",\"overlay_hover\":true,\"overlay_style\":\"overlay-primary\",\"text_color\":\"light\",\"overlay_position\":\"center\",\"overlay_transition\":\"fade\",\"title_hover_style\":\"reset\",\"title_element\":\"h3\",\"meta_style\":\"meta\",\"meta_align\":\"below-title\",\"meta_element\":\"div\",\"link_text\":\"Read more\",\"link_style\":\"default\",\"text_align\":\"center\",\"margin\":\"default\",\"item_animation\":true,\"grid_masonry\":true,\"grid_column_gap\":\"collapse\",\"grid_row_gap\":\"collapse\",\"grid_small\":\"2\",\"grid_large\":\"4\",\"grid_column_align\":true},\"children\":[{\"type\":\"gallery_item\",\"props\":{\"title\":\"Omnia mea mecum porto - Copertina\",\"image\":\"wp-content\\\/uploads\\\/2023\\\/11\\\/Omnia-mea-mecum-porto-Copertina-1.jpg\"}},{\"type\":\"gallery_item\",\"props\":{\"title\":\"Omnia mea mecum porto - 01\",\"image\":\"wp-content\\\/uploads\\\/2023\\\/11\\\/Omnia-mea-mecum-porto-01-1.jpg\"}},{\"type\":\"gallery_item\",\"props\":{\"title\":\"Omnia mea mecum porto - 02\",\"image\":\"wp-content\\\/uploads\\\/2023\\\/11\\\/Omnia-mea-mecum-porto-02-1.jpg\"}},{\"type\":\"gallery_item\",\"props\":{\"title\":\"Omnia mea mecum porto - 03\",\"image\":\"wp-content\\\/uploads\\\/2023\\\/11\\\/Omnia-mea-mecum-porto-03.jpg\"}},{\"type\":\"gallery_item\",\"props\":{\"title\":\"Omnia mea mecum porto - 04\",\"image\":\"wp-content\\\/uploads\\\/2023\\\/11\\\/Omnia-mea-mecum-porto-04-1.jpg\"}},{\"type\":\"gallery_item\",\"props\":{\"title\":\"Omnia mea mecum porto - 05\",\"image\":\"wp-content\\\/uploads\\\/2023\\\/11\\\/Omnia-mea-mecum-porto-05-1.jpg\"}},{\"type\":\"gallery_item\",\"props\":{\"title\":\"Omnia mea mecum porto - 06\",\"image\":\"wp-content\\\/uploads\\\/2023\\\/11\\\/Omnia-mea-mecum-porto-06-1.jpg\"}}]},{\"type\":\"quotation\",\"props\":{\"content\":\"\n\n<h4 class=\\\"p1\\\" style=\\\"text-align: center;\\\"><strong>Omnia Mea Mecum Porto<\\\/strong><\\\/h4>\\n\n\n<h4 class=\\\"p1\\\" style=\\\"text-align: center;\\\">Il bagaglio del nostro passato \\u00e8 qualcosa che continua a vivere in noi.<\\\/h4>\\n\n\n<h4 class=\\\"p1\\\" style=\\\"text-align: center;\\\">Guardiamo gli spazi che ci circondano quotidianamente fin da quando nasciamo. E tra questi la casa. Il luogo dove si ritorna ogni giorno, il luogo da cui si esce per incontrare il mondo, il luogo che in modo pi\\u00f9 o meno consapevole continuiamo a modificare riempiendolo di segni del nostro passaggio, di impronte della nostra presenza, in un dialogo muto fatto di rassicurante stasi (quella della casa) e di movimento creativo (quello di chi la abita).<\\\/h4>\\n\n\n<h4 class=\\\"p1\\\" style=\\\"text-align: center;\\\">Mela Wayfinder racconta con 6 scatti fotografici il rapporto con la sua casa d\\u2019infanzia nel momento in cui dovr\\u00e0 lasciarla. Sono autoscatti dove l\\u2019artista sceglie di rimanere fuori fuoco comunicando una sensazione di evanescenza come se stessimo accedendo a uno spazio del ricordo in cui si va perdendo la nitidezza dell\\u2019immagine. Mela diventa una sorta di fantasma che vaga nei luoghi dove un tempo ha vissuto. La casa verr\\u00e0 imbiancata e i segni sulle pareti scompariranno alla vista. Non avremo pi\\u00f9 traccia della macchia di caff\\u00e8 schizzata per errore sul muro, e neanche dei poster o delle scritte sulle pareti di una camera da adolescenti. Eppure qualcosa di invisibile, espresso proprio dall\\u2019evanescente figura dell\\u2019artista, rimarr\\u00e0 per sempre. Tutto svanisce e al tempo stesso tutto continua a vivere in noi e noi a vivere in ogni luogo in cui passiamo. Ogni essere vivente lascia una traccia del proprio passaggio. Visibili o invisibili che siano, i nostri pensieri, le nostre azioni quotidiane, le parole, le canzoni che affidiamo all\\u2019aria, permangono in una dimensione che travalica la tangibilit\\u00e0 sensoriale.<\\\/h4>\\n\n\n<h4 class=\\\"p1\\\" style=\\\"text-align: center;\\\"><strong>Tra abitazione e abitante si crea un sorta di dialogo perpetuo dove la casa continuer\\u00e0 a vivere in chi l\\u2019ha abitata e viceversa.<\\\/strong><\\\/h4>\\n\n\n<h4 class=\\\"p1\\\" style=\\\"text-align: center;\\\">Abitare equivale dunque a un gesto di responsabilit\\u00e0 verso l\\u2019ambiente. Che sia una stanza, una casa, l\\u2019androne di un palazzo dove passiamo rapidamente ogni mattina, l\\u2019intero pianeta o il nostro corpo perfetto. Lasciamo costantemente tracce pi\\u00f9 o meno visibili che verranno colte inconsapevolmente da chi abiter\\u00e0 quei luoghi dopo di noi.<\\\/h4>\\n\n\n<h4 class=\\\"p1\\\" style=\\\"text-align: center;\\\"><strong>Omnia Mea Mecum Porto<\\\/strong>: tutto ci\\u00f2 che posseggo lo porto con me. E\\u2019 il nostro bagaglio che ci caratterizza, ci trasforma, a volte ci affatica e altre ci alleggerisce. Un bagaglio che in questo caso \\u00e8 fatto di ricordi di una dimensione spazio-temporale che non esiste pi\\u00f9, ma che proprio per questo prende una consistenza diversa, persistente, forse immortale. E allora i segni di una casa, le tracce umane lasciate sulle pareti diventano una sorta di misterioso alfabeto che solo chi ha vissuto sa interpretare.<\\\/h4>\\n\n\n<h4 class=\\\"p1\\\" style=\\\"text-align: center;\\\">Porto con me tutto ci\\u00f2 che posseggo. E\\u2019 anche una riflessione sul significato del possesso legato ai luoghi. Si possono possedere terre o case? Il potere d\\u2019acquisto economico pu\\u00f2 espropriare, separando, abitanti da abitazioni?<\\\/h4>\\n\n\n<h4 class=\\\"p1\\\" style=\\\"text-align: center;\\\">Nel progetto di Mela Wayfinder il possesso economico perde potere, lasciando spazio a un rapporto di intimit\\u00e0 che va oltre \\u201cil mattone\\u201d e che travalica la dimensione temporale mostrando una sorta di essere umano-lumaca capace di portarsi dietro case e vissuti, lasciando tracce d\\u2019argento.<\\\/h4>\"}}]}]}]},{\"type\":\"section\",\"props\":{\"style\":\"default\",\"width\":\"default\",\"vertical_align\":\"middle\",\"title_position\":\"top-left\",\"title_rotation\":\"left\",\"title_breakpoint\":\"xl\",\"image_position\":\"center-center\",\"title\":\"Questa non \\u00e8 un'esercitazione\"},\"children\":[{\"type\":\"row\",\"children\":[{\"type\":\"column\",\"props\":{\"position_sticky_breakpoint\":\"m\",\"image_position\":\"center-center\",\"media_overlay_gradient\":\"\"},\"children\":[{\"type\":\"gallery\",\"props\":{\"show_title\":true,\"show_meta\":true,\"show_content\":true,\"show_link\":true,\"show_hover_image\":true,\"grid_default\":\"1\",\"grid_medium\":\"3\",\"filter_style\":\"tab\",\"filter_all\":true,\"filter_position\":\"top\",\"filter_align\":\"left\",\"filter_grid_width\":\"auto\",\"filter_grid_breakpoint\":\"m\",\"overlay_mode\":\"cover\",\"overlay_hover\":true,\"overlay_style\":\"overlay-primary\",\"text_color\":\"light\",\"overlay_position\":\"center\",\"overlay_transition\":\"fade\",\"title_hover_style\":\"reset\",\"title_element\":\"h3\",\"meta_style\":\"meta\",\"meta_align\":\"below-title\",\"meta_element\":\"div\",\"link_text\":\"Read more\",\"link_style\":\"default\",\"text_align\":\"center\",\"margin\":\"default\",\"item_animation\":true,\"grid_masonry\":true,\"grid_column_gap\":\"collapse\",\"grid_row_gap\":\"collapse\",\"grid_small\":\"2\",\"grid_large\":\"4\",\"grid_column_align\":true},\"children\":[{\"type\":\"gallery_item\",\"props\":{\"title\":\"Questa non \\u00e8 un'esercitazione\",\"image\":\"wp-content\\\/uploads\\\/2023\\\/11\\\/IASON_baffi-1-2.jpg\"}},{\"type\":\"gallery_item\",\"props\":{\"title\":\"Questa non \\u00e8 un'esercitazione\",\"image\":\"wp-content\\\/uploads\\\/2023\\\/11\\\/IASON_baffi-2-2.jpg\"}},{\"type\":\"gallery_item\",\"props\":{\"title\":\"Questa non \\u00e8 un'esercitazione\",\"image\":\"wp-content\\\/uploads\\\/2023\\\/11\\\/IASON_baffi-3-2.jpg\"}},{\"type\":\"gallery_item\",\"props\":{\"title\":\"Questa non \\u00e8 un'esercitazione\",\"image\":\"wp-content\\\/uploads\\\/2023\\\/11\\\/IASON_baffi-4.png\"}},{\"type\":\"gallery_item\",\"props\":{\"title\":\"Questa non \\u00e8 un'esercitazione\",\"image\":\"wp-content\\\/uploads\\\/2023\\\/11\\\/IASON_baffi-5-2.jpg\"}},{\"type\":\"gallery_item\",\"props\":{\"title\":\"Questa non \\u00e8 un'esercitazione\",\"image\":\"wp-content\\\/uploads\\\/2023\\\/11\\\/IASON_baffi-6-3.jpg\"}},{\"type\":\"gallery_item\",\"props\":{\"title\":\"Questa non \\u00e8 un'esercitazione\",\"image\":\"wp-content\\\/uploads\\\/2023\\\/11\\\/IASON_baffi-7-2.jpg\"}},{\"type\":\"gallery_item\",\"props\":{\"title\":\"Questa non \\u00e8 un'esercitazione\",\"image\":\"wp-content\\\/uploads\\\/2023\\\/11\\\/IASON_baffi-8-2.jpg\"}}]},{\"type\":\"quotation\",\"props\":{\"content\":\"\n\n<h4 style=\\\"text-align: center;\\\"><strong>Questa non \\u00e8 un'esercitazione<\\\/strong><\\\/h4>\\n\n\n<h4 class=\\\"p1\\\" style=\\\"text-align: center;\\\">Questo progetto parte parte dall'idea pirandelliana per cui dentro ognuno di noi ci sono multiple possibilit\\u00e0 pi\\u00f9 o meno inespresse. Vuole concentrarsi su come piccoli dettagli cambiano completamente la percezione che abbiamo di noi stessi e anche quella che hanno gli altri. In particolare ho lavorato su un diverso tipo di rasatura della barba e l'ho abbinato ad un abbigliamento. Immediatamente questi elementi ci portano avanti e indietro nel tempo, collegandosi ad aspettative differenti nei confronti di una persona che magari non conosciamo.<\\\/h4>\\n\n\n<h4 class=\\\"p1\\\" style=\\\"text-align: center;\\\">Lavorare sul pregiudizio, sull'aspettativa e sulle categorie, positive e negative, potrebbe essere oggi la chiave di molte porte chiuse.<\\\/h4>\\n\n\n<h4 class=\\\"p1\\\" style=\\\"text-align: center;\\\">Il mio impegno vuole essere quello di ascoltare l'altro prima di creare in me un'immagine di lui che lo cristallizzi in qualcosa che realmente non \\u00e8. Questa non \\u00e8 un'esercitazione \\u00e8 la vita.<\\\/h4>\"}}]}]}]}],\"version\":\"2.7.22\"} --><\/p>\n","protected":false},"excerpt":{"rendered":"<p>Progetti Fotografici Omnia mea mecum porto &#8211; Copertina Omnia mea mecum porto &#8211; 01 Omnia mea mecum porto &#8211; 02 Omnia mea mecum porto &#8211; 03 Omnia mea mecum porto &#8211; 04 Omnia mea mecum porto &#8211; 05 Omnia mea mecum porto &#8211; 06 Omnia Mea Mecum Porto Il bagaglio del nostro passato \u00e8 qualcosa [&hellip;]<\/p>\n","protected":false},"author":1,"featured_media":0,"parent":0,"menu_order":0,"comment_status":"closed","ping_status":"closed","template":"","meta":{"footnotes":""},"class_list":["post-26683","page","type-page","status-publish","hentry"],"yoast_head":"<!-- This site is optimized with the Yoast SEO plugin v25.8 - https:\/\/yoast.com\/wordpress\/plugins\/seo\/ -->\n<title>Progetti fotografici - Mela Wayfinder<\/title>\n<meta name=\"robots\" content=\"index, follow, max-snippet:-1, max-image-preview:large, max-video-preview:-1\" \/>\n<link rel=\"canonical\" href=\"https:\/\/melawayfinder.com\/it_it\/progetti-fotografici\/\" \/>\n<meta property=\"og:locale\" content=\"it_IT\" \/>\n<meta property=\"og:type\" content=\"article\" \/>\n<meta property=\"og:title\" content=\"Progetti fotografici - Mela Wayfinder\" \/>\n<meta property=\"og:description\" content=\"Progetti Fotografici Omnia mea mecum porto &#8211; Copertina Omnia mea mecum porto &#8211; 01 Omnia mea mecum porto &#8211; 02 Omnia mea mecum porto &#8211; 03 Omnia mea mecum porto &#8211; 04 Omnia mea mecum porto &#8211; 05 Omnia mea mecum porto &#8211; 06 Omnia Mea Mecum Porto Il bagaglio del nostro passato \u00e8 qualcosa [&hellip;]\" \/>\n<meta property=\"og:url\" content=\"https:\/\/melawayfinder.com\/it_it\/progetti-fotografici\/\" \/>\n<meta property=\"og:site_name\" content=\"Mela Wayfinder\" \/>\n<meta property=\"article:modified_time\" content=\"2023-12-05T08:35:54+00:00\" \/>\n<meta name=\"twitter:card\" content=\"summary_large_image\" \/>\n<script type=\"application\/ld+json\" class=\"yoast-schema-graph\">{\"@context\":\"https:\/\/schema.org\",\"@graph\":[{\"@type\":\"WebPage\",\"@id\":\"https:\/\/melawayfinder.com\/progetti-fotografici\/\",\"url\":\"https:\/\/melawayfinder.com\/progetti-fotografici\/\",\"name\":\"Progetti fotografici - Mela Wayfinder\",\"isPartOf\":{\"@id\":\"https:\/\/melawayfinder.com\/#website\"},\"datePublished\":\"2023-11-10T11:44:53+00:00\",\"dateModified\":\"2023-12-05T08:35:54+00:00\",\"breadcrumb\":{\"@id\":\"https:\/\/melawayfinder.com\/progetti-fotografici\/#breadcrumb\"},\"inLanguage\":\"it-IT\",\"potentialAction\":[{\"@type\":\"ReadAction\",\"target\":[\"https:\/\/melawayfinder.com\/progetti-fotografici\/\"]}]},{\"@type\":\"BreadcrumbList\",\"@id\":\"https:\/\/melawayfinder.com\/progetti-fotografici\/#breadcrumb\",\"itemListElement\":[{\"@type\":\"ListItem\",\"position\":1,\"name\":\"Home\",\"item\":\"https:\/\/melawayfinder.com\/\"},{\"@type\":\"ListItem\",\"position\":2,\"name\":\"Progetti fotografici\"}]},{\"@type\":\"WebSite\",\"@id\":\"https:\/\/melawayfinder.com\/#website\",\"url\":\"https:\/\/melawayfinder.com\/\",\"name\":\"Mela Wayfinder\",\"description\":\"artista e illustratrice\",\"publisher\":{\"@id\":\"https:\/\/melawayfinder.com\/#organization\"},\"potentialAction\":[{\"@type\":\"SearchAction\",\"target\":{\"@type\":\"EntryPoint\",\"urlTemplate\":\"https:\/\/melawayfinder.com\/?s={search_term_string}\"},\"query-input\":{\"@type\":\"PropertyValueSpecification\",\"valueRequired\":true,\"valueName\":\"search_term_string\"}}],\"inLanguage\":\"it-IT\"},{\"@type\":\"Organization\",\"@id\":\"https:\/\/melawayfinder.com\/#organization\",\"name\":\"Mela Wayfinder\",\"url\":\"https:\/\/melawayfinder.com\/\",\"logo\":{\"@type\":\"ImageObject\",\"inLanguage\":\"it-IT\",\"@id\":\"https:\/\/melawayfinder.com\/#\/schema\/logo\/image\/\",\"url\":\"https:\/\/melawayfinder.com\/wp-content\/uploads\/2020\/11\/favicon.png\",\"contentUrl\":\"https:\/\/melawayfinder.com\/wp-content\/uploads\/2020\/11\/favicon.png\",\"width\":679,\"height\":679,\"caption\":\"Mela Wayfinder\"},\"image\":{\"@id\":\"https:\/\/melawayfinder.com\/#\/schema\/logo\/image\/\"},\"sameAs\":[\"https:\/\/www.instagram.com\/melawayfinderillustrator\/\",\"https:\/\/www.linkedin.com\/in\/silvia-mela-d-orazi-2839a121\/?originalSubdomain=it\"]}]}<\/script>\n<!-- \/ Yoast SEO plugin. -->","yoast_head_json":{"title":"Progetti fotografici - Mela Wayfinder","robots":{"index":"index","follow":"follow","max-snippet":"max-snippet:-1","max-image-preview":"max-image-preview:large","max-video-preview":"max-video-preview:-1"},"canonical":"https:\/\/melawayfinder.com\/it_it\/progetti-fotografici\/","og_locale":"it_IT","og_type":"article","og_title":"Progetti fotografici - Mela Wayfinder","og_description":"Progetti Fotografici Omnia mea mecum porto &#8211; Copertina Omnia mea mecum porto &#8211; 01 Omnia mea mecum porto &#8211; 02 Omnia mea mecum porto &#8211; 03 Omnia mea mecum porto &#8211; 04 Omnia mea mecum porto &#8211; 05 Omnia mea mecum porto &#8211; 06 Omnia Mea Mecum Porto Il bagaglio del nostro passato \u00e8 qualcosa [&hellip;]","og_url":"https:\/\/melawayfinder.com\/it_it\/progetti-fotografici\/","og_site_name":"Mela Wayfinder","article_modified_time":"2023-12-05T08:35:54+00:00","twitter_card":"summary_large_image","schema":{"@context":"https:\/\/schema.org","@graph":[{"@type":"WebPage","@id":"https:\/\/melawayfinder.com\/progetti-fotografici\/","url":"https:\/\/melawayfinder.com\/progetti-fotografici\/","name":"Progetti fotografici - Mela Wayfinder","isPartOf":{"@id":"https:\/\/melawayfinder.com\/#website"},"datePublished":"2023-11-10T11:44:53+00:00","dateModified":"2023-12-05T08:35:54+00:00","breadcrumb":{"@id":"https:\/\/melawayfinder.com\/progetti-fotografici\/#breadcrumb"},"inLanguage":"it-IT","potentialAction":[{"@type":"ReadAction","target":["https:\/\/melawayfinder.com\/progetti-fotografici\/"]}]},{"@type":"BreadcrumbList","@id":"https:\/\/melawayfinder.com\/progetti-fotografici\/#breadcrumb","itemListElement":[{"@type":"ListItem","position":1,"name":"Home","item":"https:\/\/melawayfinder.com\/"},{"@type":"ListItem","position":2,"name":"Progetti fotografici"}]},{"@type":"WebSite","@id":"https:\/\/melawayfinder.com\/#website","url":"https:\/\/melawayfinder.com\/","name":"Mela Wayfinder","description":"artista e illustratrice","publisher":{"@id":"https:\/\/melawayfinder.com\/#organization"},"potentialAction":[{"@type":"SearchAction","target":{"@type":"EntryPoint","urlTemplate":"https:\/\/melawayfinder.com\/?s={search_term_string}"},"query-input":{"@type":"PropertyValueSpecification","valueRequired":true,"valueName":"search_term_string"}}],"inLanguage":"it-IT"},{"@type":"Organization","@id":"https:\/\/melawayfinder.com\/#organization","name":"Mela Wayfinder","url":"https:\/\/melawayfinder.com\/","logo":{"@type":"ImageObject","inLanguage":"it-IT","@id":"https:\/\/melawayfinder.com\/#\/schema\/logo\/image\/","url":"https:\/\/melawayfinder.com\/wp-content\/uploads\/2020\/11\/favicon.png","contentUrl":"https:\/\/melawayfinder.com\/wp-content\/uploads\/2020\/11\/favicon.png","width":679,"height":679,"caption":"Mela Wayfinder"},"image":{"@id":"https:\/\/melawayfinder.com\/#\/schema\/logo\/image\/"},"sameAs":["https:\/\/www.instagram.com\/melawayfinderillustrator\/","https:\/\/www.linkedin.com\/in\/silvia-mela-d-orazi-2839a121\/?originalSubdomain=it"]}]}},"_links":{"self":[{"href":"https:\/\/melawayfinder.com\/it_it\/wp-json\/wp\/v2\/pages\/26683","targetHints":{"allow":["GET"]}}],"collection":[{"href":"https:\/\/melawayfinder.com\/it_it\/wp-json\/wp\/v2\/pages"}],"about":[{"href":"https:\/\/melawayfinder.com\/it_it\/wp-json\/wp\/v2\/types\/page"}],"author":[{"embeddable":true,"href":"https:\/\/melawayfinder.com\/it_it\/wp-json\/wp\/v2\/users\/1"}],"replies":[{"embeddable":true,"href":"https:\/\/melawayfinder.com\/it_it\/wp-json\/wp\/v2\/comments?post=26683"}],"version-history":[{"count":30,"href":"https:\/\/melawayfinder.com\/it_it\/wp-json\/wp\/v2\/pages\/26683\/revisions"}],"predecessor-version":[{"id":26790,"href":"https:\/\/melawayfinder.com\/it_it\/wp-json\/wp\/v2\/pages\/26683\/revisions\/26790"}],"wp:attachment":[{"href":"https:\/\/melawayfinder.com\/it_it\/wp-json\/wp\/v2\/media?parent=26683"}],"curies":[{"name":"wp","href":"https:\/\/api.w.org\/{rel}","templated":true}]}}