{"id":1604,"date":"2020-11-09T23:11:15","date_gmt":"2020-11-09T23:11:15","guid":{"rendered":"https:\/\/melamangio.eu\/?page_id=1604"},"modified":"2024-09-16T08:17:54","modified_gmt":"2024-09-16T08:17:54","slug":"about","status":"publish","type":"page","link":"https:\/\/melawayfinder.com\/it_it\/about\/","title":{"rendered":"About"},"content":{"rendered":"<h1>Mela WayFinder<\/h1>\n<div>\n<p class=\"p1\"><span class=\"s1\">L\u2019arte di <b>Mela WayFinder<\/b>, nata a Viterbo nel 1981, si muove dall\u2019illustrazione alla fotografia, dal video alle installazioni. Dopo la laurea in Scienze delle Comunicazioni a &#8220;La Sapienza&#8221; studia filmmaking al Central Saint Martins di Londra. Ritorna poi a Roma e studia alla Scuola Romana di Fumetti.\u00a0<\/span><span class=\"s1\">Negli anni il suo lavoro si \u00e8 mosso tra la creazione di documentari e corti, la fotografia e installazioni interattive.<\/span><\/p>\n<p class=\"p3\"><span class=\"s1\">Nel nome <strong>WayFinder<\/strong> \u00e8 contenuta una importante chiave di lettura del lavoro di Mela. La sua arte \u00e8 infatti ricerca, esplorazione. \u00c8 ricerca nella fase creativa, in cui l\u2019artista si muove partendo da interrogativi, da sensazioni di disagio che cercano spiegazione, da innata fiducia nella presenza di un \u201csenso\u201d, di un ordine che \u00e8 manifestazione di Amore nell\u2019Universo. Ma \u00e8 anche ricerca nell\u2019invito che porta a chi entra in contatto con il suo lavoro.<\/span><\/p>\n<p class=\"p3\"><span class=\"s1\">Le sue opere non sono mai indirizzate al raggiungimento di una sensazione di bellezza, o di piacere fini a s\u00e9 stessi, ma sono inviti a portare avanti il testimone dell\u2019esplorazione messa in moto dall\u2019artista. Sono inviti a restare nel dubbio, abitarlo, perch\u00e9 \u00e8 il solo terreno che porta movimento interiore; incoraggiamenti a non fermarsi mai su una strada data, ma a provarne di nuove, abbandonando preconcetti e ascoltando le vibrazioni pi\u00f9 sottili delle nostre percezioni.<\/span><\/p>\n<p class=\"p3\"><span class=\"s1\">Partito da una narrazione documentaristica diretta e oggettiva, oggi il lavoro di <strong>Mela WayFinder<\/strong> \u00e8 pi\u00f9 introspettivo, rivolto a una dimensione meno esplicita e didascalica, ma pi\u00f9 poetica a volte criptica, legata ad un sentire che invita l\u2019osservatore a un doppio sguardo. Se da un lato il fruitore dell\u2019opera pu\u00f2 godere dell\u2019armonia delle forme attraverso un approccio sensoriale oggettivo, dall\u2019altro gli viene offerta la possibilit\u00e0 di un secondo sguardo, un viaggio tra rimandi interiori, in cui la dimensione partecipativa all\u2019opera \u00e8 intima, legata al vissuto personale.<\/span><\/p>\n<p>&#8220;Dafne Crocella&#8221;<\/p>\n<\/p>\n<\/div>\n<p><img decoding=\"async\" src=\"\/wp-content\/uploads\/2020\/11\/Schermata-2020-11-10-alle-00.10.48.png\" alt=\"\"><\/p>\n<p><!--more--><br \/>\n<!-- {\"type\":\"layout\",\"children\":[{\"type\":\"section\",\"props\":{\"style\":\"default\",\"width\":\"default\",\"vertical_align\":\"middle\",\"title_position\":\"top-left\",\"title_rotation\":\"left\",\"title_breakpoint\":\"xl\",\"image_position\":\"center-center\"},\"children\":[{\"type\":\"row\",\"children\":[{\"type\":\"column\",\"props\":{\"image_position\":\"center-center\",\"media_overlay_gradient\":\"\",\"position_sticky_breakpoint\":\"m\"},\"children\":[{\"type\":\"headline\",\"props\":{\"title_element\":\"h1\",\"content\":\"Mela WayFinder\"}}]}]},{\"type\":\"row\",\"props\":{\"layout\":\"2-3,1-3\"},\"children\":[{\"type\":\"column\",\"props\":{\"image_position\":\"center-center\",\"media_overlay_gradient\":\"\",\"width_medium\":\"2-3\",\"position_sticky_breakpoint\":\"m\"},\"children\":[{\"type\":\"text\",\"props\":{\"margin\":\"default\",\"column_breakpoint\":\"m\",\"content\":\"\n\n<p class=\\\"p1\\\"><span class=\\\"s1\\\">L\\u2019arte di <b>Mela WayFinder<\\\/b>, nata a Viterbo nel 1981, si muove dall\\u2019illustrazione alla fotografia, dal video alle installazioni. Dopo la laurea in Scienze delle Comunicazioni a \\\"La Sapienza\\\" studia filmmaking al Central Saint Martins di Londra. Ritorna poi a Roma e studia alla Scuola Romana di Fumetti.\\u00a0<\\\/span><span class=\\\"s1\\\">Negli anni il suo lavoro si \\u00e8 mosso tra la creazione di documentari e corti, la fotografia e installazioni interattive.<\\\/span><\\\/p>\\n\n\n<p class=\\\"p3\\\"><span class=\\\"s1\\\">Nel nome <strong>WayFinder<\\\/strong> \\u00e8 contenuta una importante chiave di lettura del lavoro di Mela. La sua arte \\u00e8 infatti ricerca, esplorazione. \\u00c8 ricerca nella fase creativa, in cui l\\u2019artista si muove partendo da interrogativi, da sensazioni di disagio che cercano spiegazione, da innata fiducia nella presenza di un \\u201csenso\\u201d, di un ordine che \\u00e8 manifestazione di Amore nell\\u2019Universo. Ma \\u00e8 anche ricerca nell\\u2019invito che porta a chi entra in contatto con il suo lavoro.<\\\/span><\\\/p>\\n\n\n<p class=\\\"p3\\\"><span class=\\\"s1\\\">Le sue opere non sono mai indirizzate al raggiungimento di una sensazione di bellezza, o di piacere fini a s\\u00e9 stessi, ma sono inviti a portare avanti il testimone dell\\u2019esplorazione messa in moto dall\\u2019artista. Sono inviti a restare nel dubbio, abitarlo, perch\\u00e9 \\u00e8 il solo terreno che porta movimento interiore; incoraggiamenti a non fermarsi mai su una strada data, ma a provarne di nuove, abbandonando preconcetti e ascoltando le vibrazioni pi\\u00f9 sottili delle nostre percezioni.<\\\/span><\\\/p>\\n\n\n<p class=\\\"p3\\\"><span class=\\\"s1\\\">Partito da una narrazione documentaristica diretta e oggettiva, oggi il lavoro di <strong>Mela WayFinder<\\\/strong> \\u00e8 pi\\u00f9 introspettivo, rivolto a una dimensione meno esplicita e didascalica, ma pi\\u00f9 poetica a volte criptica, legata ad un sentire che invita l\\u2019osservatore a un doppio sguardo. Se da un lato il fruitore dell\\u2019opera pu\\u00f2 godere dell\\u2019armonia delle forme attraverso un approccio sensoriale oggettivo, dall\\u2019altro gli viene offerta la possibilit\\u00e0 di un secondo sguardo, un viaggio tra rimandi interiori, in cui la dimensione partecipativa all\\u2019opera \\u00e8 intima, legata al vissuto personale.<\\\/span><\\\/p>\\n\n\n<p>\\\"Dafne Crocella\\\"<\\\/p>\\n\n\n<p><\\\/p>\"}}]},{\"type\":\"column\",\"props\":{\"image_position\":\"center-center\",\"media_overlay_gradient\":\"\",\"width_medium\":\"1-3\",\"position_sticky_breakpoint\":\"m\"},\"children\":[{\"type\":\"image\",\"props\":{\"margin\":\"default\",\"image_svg_color\":\"emphasis\",\"image\":\"wp-content\\\/uploads\\\/2020\\\/11\\\/Schermata-2020-11-10-alle-00.10.48.png\"}}]}]}]}],\"version\":\"2.7.22\"} --><\/p>\n","protected":false},"excerpt":{"rendered":"<p>Mela WayFinder L\u2019arte di Mela WayFinder, nata a Viterbo nel 1981, si muove dall\u2019illustrazione alla fotografia, dal video alle installazioni. Dopo la laurea in Scienze delle Comunicazioni a &#8220;La Sapienza&#8221; studia filmmaking al Central Saint Martins di Londra. Ritorna poi a Roma e studia alla Scuola Romana di Fumetti.\u00a0Negli anni il suo lavoro si \u00e8 [&hellip;]<\/p>\n","protected":false},"author":1,"featured_media":0,"parent":0,"menu_order":0,"comment_status":"closed","ping_status":"closed","template":"","meta":{"footnotes":""},"class_list":["post-1604","page","type-page","status-publish","hentry"],"yoast_head":"<!-- This site is optimized with the Yoast SEO plugin v25.8 - https:\/\/yoast.com\/wordpress\/plugins\/seo\/ -->\n<title>About - Mela Wayfinder<\/title>\n<meta name=\"robots\" content=\"index, follow, max-snippet:-1, max-image-preview:large, max-video-preview:-1\" \/>\n<link rel=\"canonical\" href=\"https:\/\/melawayfinder.com\/it_it\/about\/\" \/>\n<meta property=\"og:locale\" content=\"it_IT\" \/>\n<meta property=\"og:type\" content=\"article\" \/>\n<meta property=\"og:title\" content=\"About - Mela Wayfinder\" \/>\n<meta property=\"og:description\" content=\"Mela WayFinder L\u2019arte di Mela WayFinder, nata a Viterbo nel 1981, si muove dall\u2019illustrazione alla fotografia, dal video alle installazioni. Dopo la laurea in Scienze delle Comunicazioni a &#8220;La Sapienza&#8221; studia filmmaking al Central Saint Martins di Londra. Ritorna poi a Roma e studia alla Scuola Romana di Fumetti.\u00a0Negli anni il suo lavoro si \u00e8 [&hellip;]\" \/>\n<meta property=\"og:url\" content=\"https:\/\/melawayfinder.com\/it_it\/about\/\" \/>\n<meta property=\"og:site_name\" content=\"Mela Wayfinder\" \/>\n<meta property=\"article:modified_time\" content=\"2024-09-16T08:17:54+00:00\" \/>\n<meta name=\"twitter:card\" content=\"summary_large_image\" \/>\n<meta name=\"twitter:label1\" content=\"Tempo di lettura stimato\" \/>\n\t<meta name=\"twitter:data1\" content=\"2 minuti\" \/>\n<script type=\"application\/ld+json\" class=\"yoast-schema-graph\">{\"@context\":\"https:\/\/schema.org\",\"@graph\":[{\"@type\":\"WebPage\",\"@id\":\"https:\/\/melawayfinder.com\/about\/\",\"url\":\"https:\/\/melawayfinder.com\/about\/\",\"name\":\"About - Mela Wayfinder\",\"isPartOf\":{\"@id\":\"https:\/\/melawayfinder.com\/#website\"},\"datePublished\":\"2020-11-09T23:11:15+00:00\",\"dateModified\":\"2024-09-16T08:17:54+00:00\",\"breadcrumb\":{\"@id\":\"https:\/\/melawayfinder.com\/about\/#breadcrumb\"},\"inLanguage\":\"it-IT\",\"potentialAction\":[{\"@type\":\"ReadAction\",\"target\":[\"https:\/\/melawayfinder.com\/about\/\"]}]},{\"@type\":\"BreadcrumbList\",\"@id\":\"https:\/\/melawayfinder.com\/about\/#breadcrumb\",\"itemListElement\":[{\"@type\":\"ListItem\",\"position\":1,\"name\":\"Home\",\"item\":\"https:\/\/melawayfinder.com\/\"},{\"@type\":\"ListItem\",\"position\":2,\"name\":\"About\"}]},{\"@type\":\"WebSite\",\"@id\":\"https:\/\/melawayfinder.com\/#website\",\"url\":\"https:\/\/melawayfinder.com\/\",\"name\":\"Mela Wayfinder\",\"description\":\"artista e illustratrice\",\"publisher\":{\"@id\":\"https:\/\/melawayfinder.com\/#organization\"},\"potentialAction\":[{\"@type\":\"SearchAction\",\"target\":{\"@type\":\"EntryPoint\",\"urlTemplate\":\"https:\/\/melawayfinder.com\/?s={search_term_string}\"},\"query-input\":{\"@type\":\"PropertyValueSpecification\",\"valueRequired\":true,\"valueName\":\"search_term_string\"}}],\"inLanguage\":\"it-IT\"},{\"@type\":\"Organization\",\"@id\":\"https:\/\/melawayfinder.com\/#organization\",\"name\":\"Mela Wayfinder\",\"url\":\"https:\/\/melawayfinder.com\/\",\"logo\":{\"@type\":\"ImageObject\",\"inLanguage\":\"it-IT\",\"@id\":\"https:\/\/melawayfinder.com\/#\/schema\/logo\/image\/\",\"url\":\"https:\/\/melawayfinder.com\/wp-content\/uploads\/2020\/11\/favicon.png\",\"contentUrl\":\"https:\/\/melawayfinder.com\/wp-content\/uploads\/2020\/11\/favicon.png\",\"width\":679,\"height\":679,\"caption\":\"Mela Wayfinder\"},\"image\":{\"@id\":\"https:\/\/melawayfinder.com\/#\/schema\/logo\/image\/\"},\"sameAs\":[\"https:\/\/www.instagram.com\/melawayfinderillustrator\/\",\"https:\/\/www.linkedin.com\/in\/silvia-mela-d-orazi-2839a121\/?originalSubdomain=it\"]}]}<\/script>\n<!-- \/ Yoast SEO plugin. -->","yoast_head_json":{"title":"About - Mela Wayfinder","robots":{"index":"index","follow":"follow","max-snippet":"max-snippet:-1","max-image-preview":"max-image-preview:large","max-video-preview":"max-video-preview:-1"},"canonical":"https:\/\/melawayfinder.com\/it_it\/about\/","og_locale":"it_IT","og_type":"article","og_title":"About - Mela Wayfinder","og_description":"Mela WayFinder L\u2019arte di Mela WayFinder, nata a Viterbo nel 1981, si muove dall\u2019illustrazione alla fotografia, dal video alle installazioni. Dopo la laurea in Scienze delle Comunicazioni a &#8220;La Sapienza&#8221; studia filmmaking al Central Saint Martins di Londra. Ritorna poi a Roma e studia alla Scuola Romana di Fumetti.\u00a0Negli anni il suo lavoro si \u00e8 [&hellip;]","og_url":"https:\/\/melawayfinder.com\/it_it\/about\/","og_site_name":"Mela Wayfinder","article_modified_time":"2024-09-16T08:17:54+00:00","twitter_card":"summary_large_image","twitter_misc":{"Tempo di lettura stimato":"2 minuti"},"schema":{"@context":"https:\/\/schema.org","@graph":[{"@type":"WebPage","@id":"https:\/\/melawayfinder.com\/about\/","url":"https:\/\/melawayfinder.com\/about\/","name":"About - Mela Wayfinder","isPartOf":{"@id":"https:\/\/melawayfinder.com\/#website"},"datePublished":"2020-11-09T23:11:15+00:00","dateModified":"2024-09-16T08:17:54+00:00","breadcrumb":{"@id":"https:\/\/melawayfinder.com\/about\/#breadcrumb"},"inLanguage":"it-IT","potentialAction":[{"@type":"ReadAction","target":["https:\/\/melawayfinder.com\/about\/"]}]},{"@type":"BreadcrumbList","@id":"https:\/\/melawayfinder.com\/about\/#breadcrumb","itemListElement":[{"@type":"ListItem","position":1,"name":"Home","item":"https:\/\/melawayfinder.com\/"},{"@type":"ListItem","position":2,"name":"About"}]},{"@type":"WebSite","@id":"https:\/\/melawayfinder.com\/#website","url":"https:\/\/melawayfinder.com\/","name":"Mela Wayfinder","description":"artista e illustratrice","publisher":{"@id":"https:\/\/melawayfinder.com\/#organization"},"potentialAction":[{"@type":"SearchAction","target":{"@type":"EntryPoint","urlTemplate":"https:\/\/melawayfinder.com\/?s={search_term_string}"},"query-input":{"@type":"PropertyValueSpecification","valueRequired":true,"valueName":"search_term_string"}}],"inLanguage":"it-IT"},{"@type":"Organization","@id":"https:\/\/melawayfinder.com\/#organization","name":"Mela Wayfinder","url":"https:\/\/melawayfinder.com\/","logo":{"@type":"ImageObject","inLanguage":"it-IT","@id":"https:\/\/melawayfinder.com\/#\/schema\/logo\/image\/","url":"https:\/\/melawayfinder.com\/wp-content\/uploads\/2020\/11\/favicon.png","contentUrl":"https:\/\/melawayfinder.com\/wp-content\/uploads\/2020\/11\/favicon.png","width":679,"height":679,"caption":"Mela Wayfinder"},"image":{"@id":"https:\/\/melawayfinder.com\/#\/schema\/logo\/image\/"},"sameAs":["https:\/\/www.instagram.com\/melawayfinderillustrator\/","https:\/\/www.linkedin.com\/in\/silvia-mela-d-orazi-2839a121\/?originalSubdomain=it"]}]}},"_links":{"self":[{"href":"https:\/\/melawayfinder.com\/it_it\/wp-json\/wp\/v2\/pages\/1604","targetHints":{"allow":["GET"]}}],"collection":[{"href":"https:\/\/melawayfinder.com\/it_it\/wp-json\/wp\/v2\/pages"}],"about":[{"href":"https:\/\/melawayfinder.com\/it_it\/wp-json\/wp\/v2\/types\/page"}],"author":[{"embeddable":true,"href":"https:\/\/melawayfinder.com\/it_it\/wp-json\/wp\/v2\/users\/1"}],"replies":[{"embeddable":true,"href":"https:\/\/melawayfinder.com\/it_it\/wp-json\/wp\/v2\/comments?post=1604"}],"version-history":[{"count":7,"href":"https:\/\/melawayfinder.com\/it_it\/wp-json\/wp\/v2\/pages\/1604\/revisions"}],"predecessor-version":[{"id":26815,"href":"https:\/\/melawayfinder.com\/it_it\/wp-json\/wp\/v2\/pages\/1604\/revisions\/26815"}],"wp:attachment":[{"href":"https:\/\/melawayfinder.com\/it_it\/wp-json\/wp\/v2\/media?parent=1604"}],"curies":[{"name":"wp","href":"https:\/\/api.w.org\/{rel}","templated":true}]}}